{"id":8,"date":"2020-06-02T09:21:50","date_gmt":"2020-06-02T07:21:50","guid":{"rendered":"http:\/\/pokretacipromjene.org\/?page_id=8"},"modified":"2020-07-02T14:52:10","modified_gmt":"2020-07-02T12:52:10","slug":"kontakt","status":"publish","type":"page","link":"https:\/\/pokretacipromjene.org\/?page_id=8","title":{"rendered":"Kontakt"},"content":{"rendered":"\n<p>Imate pitanje? Kontaktirajte nas putem kontaktnog obrasca!<\/p>\n\n\n\n<p>[contact-form-7 id=&#8221;317&#8243; title=&#8221;Kontakt obrazac 1&#8243;]<\/p>\n\n\n\n<p>Obavje\u0161tava se podnositelj zahtjeva\/obrasca da se prikupljeni osobni podaci obra\u0111uju u svrhu njegove provedbe temeljem ispunjenja pravnih obveza CENTRA NA NESTALU I ZLOSTAVLJENU DJECU kao Voditelja obrade uz primjenu organizacijskih i tehni\u010dkih mjera za\u0161tite.. Osobni podaci biti \u0107e za\u0161ti\u0107eni od pristupa neovla\u0161tenih osoba, te pohranjeni na sigurno mjesto i \u010duvani u skladu s uvjetima i rokovima predvi\u0111enim pozitivnim zakonskim propisima, aktima i odlukama Voditelja obrade, a sukladno odredbama Op\u0107e Uredbe i ostalih propisa koji se odnose na za\u0161titu osobnih podataka.<\/p>\n\n\n\n<p>Podnositelj zahtjeva\/obrasca mo\u017ee se prije njegovog podno\u0161enja upoznati sa svim pravima i ostalim obavijestima u svezi s postupanjem s njihovim osobnim podacima, upravljanja privolama i ostalog koja proizlaze iz Op\u0107e Uredbe o za\u0161titi osobnih podataka putem web stranice Voditelja obrade \u2013&nbsp;<strong><a href=\"http:\/\/cnzd.org\/o-nama\">www.cnzd.org<\/a><\/strong><\/p>\n\n\n\n<p>Podno\u0161enjem zahtjeva\/obrasca dajem suglasnost Voditelju obrade da moje kontakt podatke koristi u svrhu kontaktiranja (telefon; e mail adresa) radi informiranja o poslovnim odlukama Voditelja obrade i drugim obavijestima.<\/p>\n\n\n\n<p>Ukoliko zahtjeve\/obrasce ispunjavaju i dostavljaju maloljetne osobe u svrhu ispunjenja djelatnosti, postupanja i pravnih obveza voditelja obrade, takvi osobni podaci proslje\u0111ivati \u0107e se nadle\u017enim tijelima (MUP-u, Centru za socijalnu skrb, ostali mjerodavni), a sve sukladno propisanim protokolima \u2013 politika o za\u0161titi djece.<\/p>\n","protected":false},"excerpt":{"rendered":"<p>Imate pitanje? Kontaktirajte nas putem kontaktnog obrasca! [contact-form-7 id=&#8221;317&#8243; title=&#8221;Kontakt obrazac 1&#8243;] Obavje\u0161tava se podnositelj zahtjeva\/obrasca da se prikupljeni osobni podaci obra\u0111uju u svrhu njegove provedbe temeljem ispunjenja pravnih obveza CENTRA NA NESTALU I ZLOSTAVLJENU DJECU kao Voditelja obrade uz primjenu organizacijskih i tehni\u010dkih mjera za\u0161tite.. Osobni podaci biti \u0107e za\u0161ti\u0107eni od pristupa neovla\u0161tenih osoba, &#8230; <a title=\"Kontakt\" class=\"read-more\" href=\"https:\/\/pokretacipromjene.org\/?page_id=8\">Pro\u010ditaj vi\u0161e<\/a><\/p>\n","protected":false},"author":1,"featured_media":0,"parent":0,"menu_order":0,"comment_status":"closed","ping_status":"closed","template":"","meta":[],"_links":{"self":[{"href":"https:\/\/pokretacipromjene.org\/index.php?rest_route=\/wp\/v2\/pages\/8"}],"collection":[{"href":"https:\/\/pokretacipromjene.org\/index.php?rest_route=\/wp\/v2\/pages"}],"about":[{"href":"https:\/\/pokretacipromjene.org\/index.php?rest_route=\/wp\/v2\/types\/page"}],"author":[{"embeddable":true,"href":"https:\/\/pokretacipromjene.org\/index.php?rest_route=\/wp\/v2\/users\/1"}],"replies":[{"embeddable":true,"href":"https:\/\/pokretacipromjene.org\/index.php?rest_route=%2Fwp%2Fv2%2Fcomments&post=8"}],"version-history":[{"count":5,"href":"https:\/\/pokretacipromjene.org\/index.php?rest_route=\/wp\/v2\/pages\/8\/revisions"}],"predecessor-version":[{"id":392,"href":"https:\/\/pokretacipromjene.org\/index.php?rest_route=\/wp\/v2\/pages\/8\/revisions\/392"}],"wp:attachment":[{"href":"https:\/\/pokretacipromjene.org\/index.php?rest_route=%2Fwp%2Fv2%2Fmedia&parent=8"}],"curies":[{"name":"wp","href":"https:\/\/api.w.org\/{rel}","templated":true}]}}